{"id":936,"date":"2023-04-19T09:15:40","date_gmt":"2023-04-19T09:15:40","guid":{"rendered":"https:\/\/hera-nail-lounge.com\/?post_type=product&#038;p=936"},"modified":"2023-06-30T10:34:24","modified_gmt":"2023-06-30T10:34:24","slug":"tropical-green-nageldesign","status":"publish","type":"product","link":"https:\/\/hera-nail-lounge.com\/de\/product\/tropical-green-nageldesign\/","title":{"rendered":"Tropical Green Nagelsticker &#8211; Nageldesign"},"content":{"rendered":"<h3>Nageldesign &amp; Nail Art<\/h3>\n<p>Verleihen Sie Ihren N\u00e4geln mit unserem Tropical Green Nagelsticker einen Hauch von Sommer! Unsere Nail Sticker sind einfach anzuwenden und perfekt f\u00fcr ein schnelles DIY Nail Design. Die lebendigen Gr\u00fcnt\u00f6ne und das tropische Design sind perfekt f\u00fcr die warme Jahreszeit und verleihen jedem Outfit das gewisse Etwas.<\/p>\n<p>Einfach anzuwendende und langlebige Nagelaufkleber.<\/p>\n<p>Unsere Tropical Green Nagelsticker sind einfach anzuwenden und langlebig. Nimm eine Pinzette und w\u00e4hle deinen Sticker aus, lege ihn vorsichtig auf deinen Nagel und nimm deinen Top Coat und gehe dar\u00fcber. Fertig. Ob du dich f\u00fcr eine Veranstaltung schick machst, dich f\u00fcr eine Geburtstagsparty vorbereitest oder einfach nur etwas verspielte Nail Art zu deinem Alltagslook hinzuf\u00fcgen m\u00f6chtest, unsere Tropical Green Nagelaufkleber sind die perfekte Wahl. Das schlanke Design und die einfache Handhabung machen sie f\u00fcr jeden Anlass geeignet und geben dir die Flexibilit\u00e4t, deinen Look jederzeit zu \u00e4ndern.<\/p>\n<p>Folge uns auf <a title=\"Hera Nail Lounge\" href=\"http:\/\/www.instagram.com\/hera_nail_lounge\" target=\"_blank\" rel=\"noopener\">Instagram <\/a>| Zur\u00fcck zum <a title=\"Hera Nail Lounge Shop\" href=\"https:\/\/hera-nail-lounge.com\/shop\/\">Shop<\/a><\/p>\n<p>&nbsp;<\/p>\n","protected":false},"excerpt":{"rendered":"<p>Transportiere dich in eine tropische Oase mit diesem lebendigen Nagelkunst-Set. Mit Kiwi Scheiben, Avocadoh\u00e4lften und schwingenden Palmbl\u00e4ttern in Schattierungen von Smaragd- und Meeres Gr\u00fcn werden diese Nagelaufkleber dich von Inselurlauben tr\u00e4umen lassen. Die gl\u00e4nzenden, wasserdichten Designs setzen ein stilvolles Statement, ob du nun Pina Coladas am Strand schl\u00fcrfst oder an einem schw\u00fclen Sommertag in der Stadt festsitzt. Einfach abziehen und aufkleben f\u00fcr ein sofortiges Nail Art Makeover, das bis zu 10 Tage h\u00e4lt. W\u00e4hrend wei\u00dfe N\u00e4gel die perfekte Leinwand bieten, passen diese Aufkleber genauso gut zu Nude-, Pink- oder Himmelblau-Grundierungen. Wie auch immer du sie tr\u00e4gst, diese von den Tropen inspirierten Nagelaufkleber werden andere vor Neid erblassen lassen. Urlaub nicht erforderlich<\/p>\n","protected":false},"featured_media":1435,"comment_status":"open","ping_status":"closed","template":"","meta":[],"product_brand":[],"product_cat":[24],"product_tag":[76,73,72,74,75],"class_list":{"0":"post-936","1":"product","2":"type-product","3":"status-publish","4":"has-post-thumbnail","6":"product_cat-nageldesign-nailart","7":"product_tag-nagelaufkleber","8":"product_tag-nageldesign","9":"product_tag-nagelsticker","10":"product_tag-nail-art","11":"product_tag-nail-design","13":"first","14":"instock","15":"taxable","16":"shipping-taxable","17":"purchasable","18":"product-type-simple"},"jetpack_sharing_enabled":true,"_links":{"self":[{"href":"https:\/\/hera-nail-lounge.com\/de\/wp-json\/wp\/v2\/product\/936","targetHints":{"allow":["GET"]}}],"collection":[{"href":"https:\/\/hera-nail-lounge.com\/de\/wp-json\/wp\/v2\/product"}],"about":[{"href":"https:\/\/hera-nail-lounge.com\/de\/wp-json\/wp\/v2\/types\/product"}],"replies":[{"embeddable":true,"href":"https:\/\/hera-nail-lounge.com\/de\/wp-json\/wp\/v2\/comments?post=936"}],"wp:featuredmedia":[{"embeddable":true,"href":"https:\/\/hera-nail-lounge.com\/de\/wp-json\/wp\/v2\/media\/1435"}],"wp:attachment":[{"href":"https:\/\/hera-nail-lounge.com\/de\/wp-json\/wp\/v2\/media?parent=936"}],"wp:term":[{"taxonomy":"product_brand","embeddable":true,"href":"https:\/\/hera-nail-lounge.com\/de\/wp-json\/wp\/v2\/product_brand?post=936"},{"taxonomy":"product_cat","embeddable":true,"href":"https:\/\/hera-nail-lounge.com\/de\/wp-json\/wp\/v2\/product_cat?post=936"},{"taxonomy":"product_tag","embeddable":true,"href":"https:\/\/hera-nail-lounge.com\/de\/wp-json\/wp\/v2\/product_tag?post=936"}],"curies":[{"name":"wp","href":"https:\/\/api.w.org\/{rel}","templated":true}]}}