{"id":1414,"date":"2023-05-13T08:03:51","date_gmt":"2023-05-13T08:03:51","guid":{"rendered":"https:\/\/hera-nail-lounge.com\/?post_type=product&#038;p=1414"},"modified":"2023-06-30T10:27:13","modified_gmt":"2023-06-30T10:27:13","slug":"nazar-nail-art-nail-design","status":"publish","type":"product","link":"https:\/\/hera-nail-lounge.com\/de\/product\/nazar-nail-art-nail-design\/","title":{"rendered":"Nazar Nagelsticker &#8211; Nageldesign"},"content":{"rendered":"<h3>Nageldesign &amp; Nazar Nail Art<\/h3>\n<p>\nVerleihe deinen N\u00e4geln einen orientalischen Touch mit den Nazar Nail Art. Diese Nagelaufkleber sind einfach anzubringen und halten lange. Sie haben ein sch\u00f6nes Design mit dem Nazar Auge, das vor b\u00f6sen Blicken sch\u00fctzen soll, und anderen Symbolen wie Herzen und Blumen. Die Farben sind vorwiegend Blau und Wei\u00df, was einen frischen und eleganten Look erzeugt. Die Nazar Nagelsticker sind ideal f\u00fcr Nail Art Liebhaberinnen, die ihre N\u00e4gel individuell gestalten wollen. Sie passen zu jedem Outfit und Anlass und ziehen alle Blicke auf sich.<\/p>\n<p>Einfach anzuwendende und langlebige Nagelaufkleber.<\/p>\n<p>Mit unseren Nazar Nagelstickern kannst du deine N\u00e4gel im Handumdrehen versch\u00f6nern. Nimm einfach eine Pinzette zur Hand, such dir deinen Favoriten aus und klebe ihn sanft auf deinen Nagel. Dann noch einen Top Coat dar\u00fcber und voil\u00e0! Ob du dich f\u00fcr einen speziellen Anlass schminkst, dich auf eine Geburtstagsparty vorbereitest oder einfach nur etwas Spa\u00df an deiner Nail Art haben willst &#8211; unsere Nazar Nagelsticker sind immer eine gute Idee. Sie sind schlank geschnitten und leicht anzubringen, sodass du sie f\u00fcr jede Gelegenheit verwenden und deinen Look nach Belieben anpassen kannst.<\/p>\n<p>Folge uns auf <a title=\"Hera Nail Lounge\" href=\"http:\/\/www.instagram.com\/hera_nail_lounge\" target=\"_blank\" rel=\"noopener\">Instagram <\/a>| Zur\u00fcck zum <a title=\"Hera Nail Lounge Shop\" href=\"https:\/\/hera-nail-lounge.com\/shop\/\">Shop<\/a><\/p>\n","protected":false},"excerpt":{"rendered":"<p>Nageldesign &amp; Nazar Nail Art Verleihe deinen N\u00e4geln einen orientalischen Touch mit den Nazar Nail Art. Diese Nagelaufkleber sind einfach anzubringen und halten lange. Sie haben ein sch\u00f6nes Design mit dem Nazar Auge, das vor b\u00f6sen Blicken sch\u00fctzen soll, und anderen Symbolen wie Herzen und Blumen. Die Farben sind vorwiegend Blau und Wei\u00df, was einen [&hellip;]<\/p>\n","protected":false},"featured_media":1417,"comment_status":"open","ping_status":"closed","template":"","meta":[],"product_brand":[],"product_cat":[24],"product_tag":[],"class_list":{"0":"post-1414","1":"product","2":"type-product","3":"status-publish","4":"has-post-thumbnail","6":"product_cat-nageldesign-nailart","8":"first","9":"instock","10":"taxable","11":"shipping-taxable","12":"purchasable","13":"product-type-simple"},"jetpack_sharing_enabled":true,"_links":{"self":[{"href":"https:\/\/hera-nail-lounge.com\/de\/wp-json\/wp\/v2\/product\/1414","targetHints":{"allow":["GET"]}}],"collection":[{"href":"https:\/\/hera-nail-lounge.com\/de\/wp-json\/wp\/v2\/product"}],"about":[{"href":"https:\/\/hera-nail-lounge.com\/de\/wp-json\/wp\/v2\/types\/product"}],"replies":[{"embeddable":true,"href":"https:\/\/hera-nail-lounge.com\/de\/wp-json\/wp\/v2\/comments?post=1414"}],"wp:featuredmedia":[{"embeddable":true,"href":"https:\/\/hera-nail-lounge.com\/de\/wp-json\/wp\/v2\/media\/1417"}],"wp:attachment":[{"href":"https:\/\/hera-nail-lounge.com\/de\/wp-json\/wp\/v2\/media?parent=1414"}],"wp:term":[{"taxonomy":"product_brand","embeddable":true,"href":"https:\/\/hera-nail-lounge.com\/de\/wp-json\/wp\/v2\/product_brand?post=1414"},{"taxonomy":"product_cat","embeddable":true,"href":"https:\/\/hera-nail-lounge.com\/de\/wp-json\/wp\/v2\/product_cat?post=1414"},{"taxonomy":"product_tag","embeddable":true,"href":"https:\/\/hera-nail-lounge.com\/de\/wp-json\/wp\/v2\/product_tag?post=1414"}],"curies":[{"name":"wp","href":"https:\/\/api.w.org\/{rel}","templated":true}]}}