{"id":1335,"date":"2023-05-02T09:47:31","date_gmt":"2023-05-02T09:47:31","guid":{"rendered":"https:\/\/hera-nail-lounge.com\/?post_type=product&#038;p=1335"},"modified":"2023-07-05T20:11:15","modified_gmt":"2023-07-05T20:11:15","slug":"nageldesign-sterne-nagelsticker","status":"publish","type":"product","link":"https:\/\/hera-nail-lounge.com\/de\/product\/nageldesign-sterne-nagelsticker\/","title":{"rendered":"Nageldesign Sterne &#8211; Nagelsticker"},"content":{"rendered":"<h3>Nageldesign Sterne &amp; Nail Art Ideen<\/h3>\n<p>\nVerwandle deine N\u00e4gel in funkelnde Kunstwerke mit den Nagelstickern von Hera Nail Lounge! Diese selbstklebenden Nagelaufkleber sind einfach anzuwenden und halten lange. Sie sind ideal f\u00fcr besondere Anl\u00e4sse oder einfach f\u00fcr den Alltag. Die Nagelsticker haben ein elegantes Sternenmotiv mit vier Zacken, das in drei Farben erh\u00e4ltlich ist: gold, silber und ros\u00e9. Du kannst sie mit deinem Lieblingslack kombinieren oder auf nat\u00fcrliche N\u00e4gel auftragen. Die Nagelsticker sind vegan, tierversuchsfrei und umweltfreundlich. Mit den Nagelstickern von Hera Nail Lounge kannst du dein Nail Design im Handumdrehen ver\u00e4ndern und deinen pers\u00f6nlichen Stil ausdr\u00fccken. Bestelle sie jetzt und erhalte eine kostenlose Folie zum Schutz deiner N\u00e4gel!<\/p>\n<p>Einfach anzuwendende und langlebige Nagelaufkleber.<\/p>\n<p>Mit unseren &#8222;Nageldesign Sterne&#8220; Motive kannst du deine N\u00e4gel im Nu versch\u00f6nern und lange Freude daran haben. Nimm einfach eine Pinzette zur Hand, such dir deinen Favoriten aus, kleb ihn sanft auf deinen Nagel und fixier ihn mit einem \u00dcberlack. Fertig ist dein Nagelkunstwerk! Ob du dich f\u00fcr einen speziellen Anlass schm\u00fcckst, dich f\u00fcr eine Geburtstagsparty stylst oder einfach nur etwas verspielte Nail Art zu deinem Alltagslook hinzuf\u00fcgen willst &#8211; unsere &#8222;Nageldesign Sterne&#8220; Motive sind immer eine gute Wahl. Sie sind schmal geschnitten und leicht anzuwenden, so dass sie zu jeder Gelegenheit passen und dir die M\u00f6glichkeit geben, deinen Look jederzeit zu variieren.<\/p>\n<p>Folge uns auf <a title=\"Hera Nail Lounge\" href=\"http:\/\/www.instagram.com\/hera_nail_lounge\" target=\"_blank\" rel=\"noopener\">Instagram <\/a>| Zur\u00fcck zum <a title=\"Hera Nail Lounge Shop\" href=\"https:\/\/hera-nail-lounge.com\/shop\/\">Shop<\/a><\/p>\n","protected":false},"excerpt":{"rendered":"<p>Nageldesign Sterne &amp; Nail Art Ideen Verwandle deine N\u00e4gel in funkelnde Kunstwerke mit den Nagelstickern von Hera Nail Lounge! Diese selbstklebenden Nagelaufkleber sind einfach anzuwenden und halten lange. Sie sind ideal f\u00fcr besondere Anl\u00e4sse oder einfach f\u00fcr den Alltag. Die Nagelsticker haben ein elegantes Sternenmotiv mit vier Zacken, das in drei Farben erh\u00e4ltlich ist: gold, [&hellip;]<\/p>\n","protected":false},"featured_media":1336,"comment_status":"open","ping_status":"closed","template":"","meta":[],"product_brand":[],"product_cat":[24],"product_tag":[],"class_list":{"0":"post-1335","1":"product","2":"type-product","3":"status-publish","4":"has-post-thumbnail","6":"product_cat-nageldesign-nailart","8":"first","9":"instock","10":"taxable","11":"shipping-taxable","12":"purchasable","13":"product-type-variable","14":"has-default-attributes"},"jetpack_sharing_enabled":true,"_links":{"self":[{"href":"https:\/\/hera-nail-lounge.com\/de\/wp-json\/wp\/v2\/product\/1335","targetHints":{"allow":["GET"]}}],"collection":[{"href":"https:\/\/hera-nail-lounge.com\/de\/wp-json\/wp\/v2\/product"}],"about":[{"href":"https:\/\/hera-nail-lounge.com\/de\/wp-json\/wp\/v2\/types\/product"}],"replies":[{"embeddable":true,"href":"https:\/\/hera-nail-lounge.com\/de\/wp-json\/wp\/v2\/comments?post=1335"}],"wp:featuredmedia":[{"embeddable":true,"href":"https:\/\/hera-nail-lounge.com\/de\/wp-json\/wp\/v2\/media\/1336"}],"wp:attachment":[{"href":"https:\/\/hera-nail-lounge.com\/de\/wp-json\/wp\/v2\/media?parent=1335"}],"wp:term":[{"taxonomy":"product_brand","embeddable":true,"href":"https:\/\/hera-nail-lounge.com\/de\/wp-json\/wp\/v2\/product_brand?post=1335"},{"taxonomy":"product_cat","embeddable":true,"href":"https:\/\/hera-nail-lounge.com\/de\/wp-json\/wp\/v2\/product_cat?post=1335"},{"taxonomy":"product_tag","embeddable":true,"href":"https:\/\/hera-nail-lounge.com\/de\/wp-json\/wp\/v2\/product_tag?post=1335"}],"curies":[{"name":"wp","href":"https:\/\/api.w.org\/{rel}","templated":true}]}}